{"id":28,"date":"2021-07-07T09:38:10","date_gmt":"2021-07-07T09:38:10","guid":{"rendered":"https:\/\/notasparaluna.com\/?page_id=28"},"modified":"2021-07-14T08:55:03","modified_gmt":"2021-07-14T08:55:03","slug":"aviso-legal","status":"publish","type":"page","link":"https:\/\/notasparaluna.com\/en\/aviso-legal\/","title":{"rendered":"Aviso legal"},"content":{"rendered":"<h2 class=\"wp-block-heading\">Informaci\u00f3n del responsable del sitio<\/h2>\n\n\n\n<p>Lourdes Smith<br>23 Upney Drive, Ottawa, ON, K2J5G7<\/p>\n\n\n\n<h2 class=\"wp-block-heading\">Contacto<\/h2>\n\n\n\n<p>info@notasparaluna.com<br>+16134130013<\/p>\n\n\n\n<h2 class=\"wp-block-heading\">Responsable del contenido<\/h2>\n\n\n\n<p>Lourdes Smith<br>23 Upney Drive, Ottawa, ON, K2J5G7<br>info@notasparaluna.com<br>+16134130013<\/p>\n\n\n\n<h2 class=\"wp-block-heading\">Resoluci\u00f3n de disputas de la UE<\/h2>\n\n\n\n<p>La Comisi\u00f3n Europea proporciona una plataforma para la resoluci\u00f3n de disputas en l\u00ednea (ODR):&nbsp;<a href=\"https:\/\/ec.europa.eu\/consumers\/odr\" target=\"_blank\" rel=\"noreferrer noopener\">https:\/\/ec.europa.eu\/consumers\/odr<\/a>&nbsp;.<br>Nuestra direcci\u00f3n de correo electr\u00f3nico se puede encontrar arriba en el aviso del sitio.<\/p>\n\n\n\n<p>No estamos dispuestos u obligados a participar en los procedimientos de resoluci\u00f3n de disputas ante una junta de arbitraje de consumidores.<\/p>\n\n\n\n<h3 class=\"wp-block-heading\">Responsabilidad por los contenidos<\/h3>\n\n\n\n<p>Como proveedores de servicios, somos responsables del contenido propio de este sitio web.&nbsp;Sin embargo, no estamos obligados a monitorizar permanentemente la informaci\u00f3n presentada o almacenada ni a buscar evidencias que indiquen actividades ilegales.<\/p>\n\n\n\n<p>La obligaci\u00f3n legal de eliminar informaci\u00f3n o bloquear el uso de la informaci\u00f3n permanecen, pero s\u00f3lo aplican en el momento del conocimiento sobre una violaci\u00f3n espec\u00edfica de la ley.&nbsp;Los contenidos ilegales se eliminar\u00e1n inmediatamente en el momento en que tengamos conocimiento de ellos.<\/p>\n\n\n\n<h3 class=\"wp-block-heading\">Responsabilidad por enlaces<\/h3>\n\n\n\n<p>Nuestra web incluye enlaces a sitios web externos de terceros.&nbsp;No tenemos influencia en el contenido de esos sitios web, por lo tanto, no podemos garantizar dichos contenidos.&nbsp;Los proveedores o administradores de sitios web vinculados son siempre responsables de sus propios contenidos.<\/p>\n\n\n\n<p>Los sitios web vinculados han sido verificados por posibles violaciones de la ley en el momento de creaci\u00f3n del enlace.&nbsp;No se detectaron contenidos ilegales en el momento de la vinculaci\u00f3n.&nbsp;No se puede imponer una monitorizaci\u00f3n permanente de los contenidos de los sitios web vinculados sin indicaciones razonables de que ha habido una violaci\u00f3n de la ley.&nbsp;Los enlaces ilegales se eliminar\u00e1n inmediatamente cuando tengamos conocimiento de ellos.<\/p>\n\n\n\n<h3 class=\"wp-block-heading\">Derechos de autor<\/h3>\n\n\n\n<p>Los contenidos y compilaciones publicados en estos sitios web por los proveedores est\u00e1n sujetos a las leyes de derechos de autor.&nbsp;La reproducci\u00f3n, edici\u00f3n, distribuci\u00f3n y el uso de cualquier tipo fuera del alcance de la ley de derechos de autor requieren un permiso por escrito del autor o autora.&nbsp;Las descargas y copias de estos sitios web est\u00e1n permitidas solo para uso privado.<br>El uso comercial de nuestros contenidos sin el permiso del autor est\u00e1 prohibido.<\/p>\n\n\n\n<p>Se respetan las leyes de copyright de terceros siempre que el contenido de estos sitios web no se origine por el proveedor.&nbsp;Las contribuciones de terceros en este sitio se indican como tales.&nbsp;Sin embargo, si observa alguna violaci\u00f3n de la ley de derechos de autor, inf\u00f3rmenos.&nbsp;Dichos contenidos ser\u00e1n eliminados de inmediato.<\/p>","protected":false},"excerpt":{"rendered":"<p>Informaci\u00f3n del responsable del sitio Lourdes Smith23 Upney Drive, Ottawa, ON, K2J5G7 Contacto info@notasparaluna.com+16134130013 Responsable del contenido Lourdes Smith23 Upney Drive, Ottawa, ON, K2J5G7info@notasparaluna.com+16134130013 Resoluci\u00f3n de disputas de la UE La Comisi\u00f3n Europea proporciona una plataforma para la resoluci\u00f3n de disputas en l\u00ednea (ODR):&nbsp;https:\/\/ec.europa.eu\/consumers\/odr&nbsp;.Nuestra direcci\u00f3n de correo electr\u00f3nico se puede encontrar arriba en el aviso [&hellip;]<\/p>\n","protected":false},"author":1,"featured_media":0,"parent":0,"menu_order":0,"comment_status":"closed","ping_status":"closed","template":"","meta":{"inline_featured_image":false,"site-sidebar-layout":"default","site-content-layout":"default","ast-site-content-layout":"default","site-content-style":"default","site-sidebar-style":"default","ast-global-header-display":"","ast-banner-title-visibility":"","ast-main-header-display":"","ast-hfb-above-header-display":"","ast-hfb-below-header-display":"","ast-hfb-mobile-header-display":"","site-post-title":"","ast-breadcrumbs-content":"","ast-featured-img":"","footer-sml-layout":"","ast-disable-related-posts":"","theme-transparent-header-meta":"default","adv-header-id-meta":"","stick-header-meta":"","header-above-stick-meta":"","header-main-stick-meta":"","header-below-stick-meta":"","astra-migrate-meta-layouts":"default","ast-page-background-enabled":"default","ast-page-background-meta":{"desktop":{"background-color":"","background-image":"","background-repeat":"repeat","background-position":"center center","background-size":"auto","background-attachment":"scroll","background-type":"","background-media":"","overlay-type":"","overlay-color":"","overlay-opacity":"","overlay-gradient":""},"tablet":{"background-color":"","background-image":"","background-repeat":"repeat","background-position":"center center","background-size":"auto","background-attachment":"scroll","background-type":"","background-media":"","overlay-type":"","overlay-color":"","overlay-opacity":"","overlay-gradient":""},"mobile":{"background-color":"","background-image":"","background-repeat":"repeat","background-position":"center center","background-size":"auto","background-attachment":"scroll","background-type":"","background-media":"","overlay-type":"","overlay-color":"","overlay-opacity":"","overlay-gradient":""}},"ast-content-background-meta":{"desktop":{"background-color":"var(--ast-global-color-5)","background-image":"","background-repeat":"repeat","background-position":"center center","background-size":"auto","background-attachment":"scroll","background-type":"","background-media":"","overlay-type":"","overlay-color":"","overlay-opacity":"","overlay-gradient":""},"tablet":{"background-color":"var(--ast-global-color-5)","background-image":"","background-repeat":"repeat","background-position":"center center","background-size":"auto","background-attachment":"scroll","background-type":"","background-media":"","overlay-type":"","overlay-color":"","overlay-opacity":"","overlay-gradient":""},"mobile":{"background-color":"var(--ast-global-color-5)","background-image":"","background-repeat":"repeat","background-position":"center center","background-size":"auto","background-attachment":"scroll","background-type":"","background-media":"","overlay-type":"","overlay-color":"","overlay-opacity":"","overlay-gradient":""}},"footnotes":""},"class_list":["post-28","page","type-page","status-publish","hentry"],"_links":{"self":[{"href":"https:\/\/notasparaluna.com\/en\/wp-json\/wp\/v2\/pages\/28","targetHints":{"allow":["GET"]}}],"collection":[{"href":"https:\/\/notasparaluna.com\/en\/wp-json\/wp\/v2\/pages"}],"about":[{"href":"https:\/\/notasparaluna.com\/en\/wp-json\/wp\/v2\/types\/page"}],"author":[{"embeddable":true,"href":"https:\/\/notasparaluna.com\/en\/wp-json\/wp\/v2\/users\/1"}],"replies":[{"embeddable":true,"href":"https:\/\/notasparaluna.com\/en\/wp-json\/wp\/v2\/comments?post=28"}],"version-history":[{"count":2,"href":"https:\/\/notasparaluna.com\/en\/wp-json\/wp\/v2\/pages\/28\/revisions"}],"predecessor-version":[{"id":222,"href":"https:\/\/notasparaluna.com\/en\/wp-json\/wp\/v2\/pages\/28\/revisions\/222"}],"wp:attachment":[{"href":"https:\/\/notasparaluna.com\/en\/wp-json\/wp\/v2\/media?parent=28"}],"curies":[{"name":"wp","href":"https:\/\/api.w.org\/{rel}","templated":true}]}}