{"id":17,"date":"2021-07-07T09:36:49","date_gmt":"2021-07-07T09:36:49","guid":{"rendered":"https:\/\/notasparaluna.com\/?page_id=17"},"modified":"2022-02-12T23:42:27","modified_gmt":"2022-02-13T04:42:27","slug":"sobre-mi","status":"publish","type":"page","link":"https:\/\/notasparaluna.com\/es\/sobre-mi\/","title":{"rendered":"Sobre m\u00ed"},"content":{"rendered":"\n<div class=\"wp-block-cover alignfull has-background-dim-20 has-morado-oscuro-background-color has-background-dim has-parallax is-position-center-center ajuste-fondo\" style=\"background-image:url(https:\/\/notasparaluna.com\/wp-content\/uploads\/2021\/07\/notasparaluna-viento.png);min-height:500px;aspect-ratio:unset;\"><div class=\"wp-block-cover__inner-container is-layout-flow wp-block-cover-is-layout-flow\">\n<div class=\"wp-block-columns alignwide is-layout-flex wp-container-core-columns-is-layout-28f84493 wp-block-columns-is-layout-flex\">\n<div class=\"wp-block-column is-layout-flow wp-block-column-is-layout-flow\" style=\"flex-basis:12%\">\n<div style=\"height:100px\" aria-hidden=\"true\" class=\"wp-block-spacer\"><\/div>\n<\/div>\n\n\n\n<div class=\"wp-block-column is-layout-flow wp-block-column-is-layout-flow\">\n<div class=\"wp-block-columns is-layout-flex wp-container-core-columns-is-layout-28f84493 wp-block-columns-is-layout-flex\">\n<div class=\"wp-block-column is-vertically-aligned-center is-layout-flow wp-block-column-is-layout-flow\">\n<h1 class=\"roboto has-blanco-color has-text-color wp-block-heading\">Sobre m\u00ed<img decoding=\"async\" width=\"120\" height=\"39\" class=\"wp-image-117\" style=\"width: 120px;\" src=\"https:\/\/notasparaluna.com\/wp-content\/uploads\/2021\/07\/pluma-min.svg\" alt=\"\"><\/h1>\n\n\n\n<h2 class=\"has-blanco-color has-text-color has-huge-font-size wp-block-heading\">Lourdes<\/h2>\n<\/div>\n\n\n\n<div class=\"wp-block-column is-vertically-aligned-center is-layout-flow wp-block-column-is-layout-flow\" style=\"flex-basis:60%\">\n<div class=\"wp-block-image\"><figure class=\"alignright size-large\"><img fetchpriority=\"high\" decoding=\"async\" width=\"500\" height=\"333\" src=\"https:\/\/notasparaluna.com\/wp-content\/uploads\/2021\/07\/lourdes-notasparaluna.jpg\" alt=\"Lourdes - Notas para Luna\" class=\"wp-image-110\" srcset=\"https:\/\/notasparaluna.com\/wp-content\/uploads\/2021\/07\/lourdes-notasparaluna.jpg 500w, https:\/\/notasparaluna.com\/wp-content\/uploads\/2021\/07\/lourdes-notasparaluna-300x200.jpg 300w\" sizes=\"(max-width: 500px) 100vw, 500px\" \/><\/figure><\/div>\n<\/div>\n<\/div>\n<\/div>\n\n\n\n<div class=\"wp-block-column is-layout-flow wp-block-column-is-layout-flow\" style=\"flex-basis:12%\">\n<div style=\"height:100px\" aria-hidden=\"true\" class=\"wp-block-spacer\"><\/div>\n<\/div>\n<\/div>\n<\/div><\/div>\n\n\n\n<div class=\"wp-block-group is-layout-flow wp-block-group-is-layout-flow\"><div class=\"wp-block-group__inner-container\">\n<div class=\"wp-block-columns is-layout-flex wp-container-core-columns-is-layout-28f84493 wp-block-columns-is-layout-flex\">\n<div class=\"wp-block-column is-layout-flow wp-block-column-is-layout-flow\" style=\"flex-basis:66.66%\">\n<h2 class=\"wp-block-heading\">\u00a1Hola! Soy Lourdes <img decoding=\"async\" width=\"50\" height=\"50\" class=\"wp-image-126\" style=\"width: 50px;\" src=\"https:\/\/notasparaluna.com\/wp-content\/uploads\/2021\/07\/estrellas-azules.png\" alt=\"estrellas-azules-deco\"><\/h2>\n\n\n\n<p>\u00a1Hola! Soy Lourdes y traigo al mundo a Notas para Luna con infinito amor. Un espacio que vengo so\u00f1ando y gestando por mucho tiempo.&nbsp;<\/p>\n\n\n\n<p>Tengo ascendencia china y andina.<\/p>\n\n\n\n<p>Mi familia por parte de pap\u00e1 me inculc\u00f3 el amor a la cultura china desde muy peque\u00f1a. Mis abuelas, tanto del lado materno como paterno, me contaron de sus or\u00edgenes en la sierra del Per\u00fa, de los paisajes hermosos de los lugares donde crecieron y sus historias de c\u00f3mo migraron a la capital.<\/p>\n\n\n\n<div class=\"wp-block-image\"><figure class=\"aligncenter size-large\"><img loading=\"lazy\" decoding=\"async\" width=\"120\" height=\"39\" src=\"https:\/\/notasparaluna.com\/wp-content\/uploads\/2021\/07\/pluma-min.svg\" alt=\"\" class=\"wp-image-117\"\/><\/figure><\/div>\n<\/div>\n\n\n\n<div class=\"wp-block-column is-layout-flow wp-block-column-is-layout-flow\" style=\"flex-basis:33.33%\">\n<div class=\"wp-block-image\"><figure class=\"alignright size-large\"><img loading=\"lazy\" decoding=\"async\" width=\"400\" height=\"510\" src=\"https:\/\/notasparaluna.com\/wp-content\/uploads\/2021\/07\/lourdes-notasparaluna-1.jpg\" alt=\"\" class=\"wp-image-208\" srcset=\"https:\/\/notasparaluna.com\/wp-content\/uploads\/2021\/07\/lourdes-notasparaluna-1.jpg 400w, https:\/\/notasparaluna.com\/wp-content\/uploads\/2021\/07\/lourdes-notasparaluna-1-235x300.jpg 235w\" sizes=\"(max-width: 400px) 100vw, 400px\" \/><\/figure><\/div>\n<\/div>\n<\/div>\n<\/div><\/div>\n\n\n\n<div class=\"wp-block-cover alignfull has-background-dim-80 has-morado-oscuro-background-color has-background-dim has-parallax is-repeated is-position-center-center\" style=\"background-image:url(https:\/\/notasparaluna.com\/wp-content\/uploads\/2021\/07\/notasparaluna-deco-estrellas.png);min-height:400px;aspect-ratio:unset;\"><div class=\"wp-block-cover__inner-container is-layout-flow wp-block-cover-is-layout-flow\">\n<h2 class=\"has-text-align-left has-blanco-color has-text-color wp-block-heading\">Acontecimientos importantes y formaci\u00f3n de Lourdes<\/h2>\n\n\n\n<div class=\"wp-block-columns is-layout-flex wp-container-core-columns-is-layout-28f84493 wp-block-columns-is-layout-flex\">\n<div class=\"wp-block-column is-layout-flow wp-block-column-is-layout-flow\">\n<div class=\"wp-block-image\"><figure class=\"aligncenter size-medium\"><img loading=\"lazy\" decoding=\"async\" width=\"225\" height=\"300\" src=\"https:\/\/notasparaluna.com\/wp-content\/uploads\/2021\/07\/aqp-notasparaluna-225x300.jpg\" alt=\"\" class=\"wp-image-250\" srcset=\"https:\/\/notasparaluna.com\/wp-content\/uploads\/2021\/07\/aqp-notasparaluna-225x300.jpg 225w, https:\/\/notasparaluna.com\/wp-content\/uploads\/2021\/07\/aqp-notasparaluna.jpg 500w\" sizes=\"(max-width: 225px) 100vw, 225px\" \/><\/figure><\/div>\n\n\n\n<ul class=\"lista-pluma-blanca has-blanco-color has-text-color wp-block-list\"><li>Nac\u00ed en Arequipa, Per\u00fa. Soy la segunda hija.<\/li><li>Hasta el 2012 viv\u00ed entre Arequipa y Lima.<\/li><li>Estudi\u00e9 negocios internacionales en Lima y en 2013 me mud\u00e9 a Shangh\u00e1i, China, sola por 6 meses para hacer un certificado en marketing internacional.<\/li><li>En 2014 me mud\u00e9 a Ottawa, Canad\u00e1, con mis hermanas, mi mam\u00e1 y mi pap\u00e1.<\/li><\/ul>\n<\/div>\n\n\n\n<div class=\"wp-block-column is-layout-flow wp-block-column-is-layout-flow\">\n<div class=\"wp-block-image\"><figure class=\"aligncenter size-medium\"><img loading=\"lazy\" decoding=\"async\" width=\"240\" height=\"300\" src=\"https:\/\/notasparaluna.com\/wp-content\/uploads\/2021\/07\/kia-y-luna-240x300.jpg\" alt=\"Luna y nuestra perrita Kia\" class=\"wp-image-249\" srcset=\"https:\/\/notasparaluna.com\/wp-content\/uploads\/2021\/07\/kia-y-luna-240x300.jpg 240w, https:\/\/notasparaluna.com\/wp-content\/uploads\/2021\/07\/kia-y-luna.jpg 500w\" sizes=\"(max-width: 240px) 100vw, 240px\" \/><\/figure><\/div>\n\n\n\n<ul class=\"lista-pluma-blanca has-blanco-color has-text-color wp-block-list\"><li>En 2015 conoc\u00ed a Tim. \u00c9l se volvi\u00f3 mi hogar y nos casamos en agosto de 2016.<\/li><li>En marzo del 2017 nuestra perrita Kia se uni\u00f3 a la familia y en agosto del 2018 nuestros corazones se llenaron a\u00fan m\u00e1s de amor con la llegada de Luna. <\/li><li>En 2020 termin\u00e9 un certificado en gerencia de recursos humanos y hoy en d\u00eda estoy haciendo una certificaci\u00f3n en psicolog\u00eda positiva y otra para ser maestra de meditaci\u00f3n.<\/li><\/ul>\n<\/div>\n<\/div>\n<\/div><\/div>\n\n\n\n<div class=\"wp-block-cover alignfull has-background-dim-90 has-blanco-background-color has-background-dim has-parallax is-repeated is-position-center-center\" style=\"background-image:url(https:\/\/notasparaluna.com\/wp-content\/uploads\/2021\/07\/wind-notasparaluna.png);min-height:300px;aspect-ratio:unset;\"><div class=\"wp-block-cover__inner-container is-layout-flow wp-block-cover-is-layout-flow\">\n<h2 class=\"has-morado-oscuro-color has-text-color wp-block-heading\">Escuchando el llamado.<img decoding=\"async\" width=\"50\" height=\"50\" class=\"wp-image-126\" style=\"width: 50px;\" src=\"https:\/\/notasparaluna.com\/wp-content\/uploads\/2021\/07\/estrellas-azules.png\" alt=\"estrellas-azules-deco\"><\/h2>\n\n\n\n<p class=\"has-morado-oscuro-color has-text-color\">Hace un par de a\u00f1os empec\u00e9 a sentir una chispita despertando dentro m\u00edo. Chispeaba insistentemente y al escucharla me dec\u00eda: \u201ces hora de convertirme en fuego alto y poderoso\u201d.<\/p>\n\n\n\n<p class=\"has-morado-oscuro-color has-text-color\">Mi coraz\u00f3n me estaba invitando a iniciar un viaje hacia adentro, donde pudiera conectar conmigo misma, con mi voz, con mi poder.<\/p>\n\n\n\n<p><\/p>\n<\/div><\/div>\n\n\n\n<div class=\"wp-block-cover alignfull has-background-dim-20 has-morado-oscuro-background-color has-background-dim has-parallax is-repeated is-position-center-center\" style=\"background-image:url(https:\/\/notasparaluna.com\/wp-content\/uploads\/2021\/07\/notasparaluna-deco-estrellas.png);min-height:400px;aspect-ratio:unset;\"><div class=\"wp-block-cover__inner-container is-layout-flow wp-block-cover-is-layout-flow\">\n<div class=\"wp-block-columns alignwide is-layout-flex wp-container-core-columns-is-layout-28f84493 wp-block-columns-is-layout-flex\">\n<div class=\"wp-block-column is-layout-flow wp-block-column-is-layout-flow\" style=\"flex-basis:12%\">\n<div style=\"height:100px\" aria-hidden=\"true\" class=\"wp-block-spacer\"><\/div>\n<\/div>\n\n\n\n<div class=\"wp-block-column is-layout-flow wp-block-column-is-layout-flow\">\n<div class=\"wp-block-group alignwide has-blanco-background-color has-background is-layout-flow wp-block-group-is-layout-flow\"><div class=\"wp-block-group__inner-container\">\n<h2 class=\"has-morado-oscuro-color has-text-color wp-block-heading\">\u00bfQui\u00e9n es Lourdes?<\/h2>\n\n\n\n<p class=\"has-morado-oscuro-color has-text-color\">Constantemente me encuentro con la pregunta \u201c\u00bfqui\u00e9n soy y cu\u00e1l es mi prop\u00f3sito en esta vida?\u201d He emprendido un camino de introspecci\u00f3n profundo, muy hermoso, complejo y, podr\u00eda decir tambi\u00e9n que muchas veces inc\u00f3modo, en mi b\u00fasqueda de responder a esa pregunta. Algunas de las respuestas que voy encontrando son:<\/p>\n\n\n\n<ul class=\"lista-pluma has-morado-oscuro-color has-text-color wp-block-list\"><li>Soy hija de Dios, de mi mam\u00e1, mi pap\u00e1, mis ancestras y mis ancestros. Me asombra entender hoy que para que yo existiera muchas personas tuvieron que encontrarse, dej\u00e1ndome un legado a trav\u00e9s de sus propias historias.<\/li><li>Soy compa\u00f1era de vida de Tim, el hombre m\u00e1s amoroso que he conocido. Amarlo y que \u00e9l me ame es uno de los honores m\u00e1s grandes que me ha dado la vida.<\/li><li>Soy madre de Luna, un regalo hermoso y una experiencia que me ha transformado el alma, el cuerpo y la mente. Luna es mi inspiraci\u00f3n para este blog.<\/li><li>Soy hermana de mis hermanas, de mi hermano y de aquellas personas que la vida me regal\u00f3.<\/li><li>Soy una persona altamente sensible (PAS) y emp\u00e1tica (PAE), algo que descubr\u00ed en mi camino de autoconocimiento, que me ayud\u00f3 a entenderme mejor y me llev\u00f3 a hacerme m\u00e1s preguntas.<\/li><\/ul>\n<\/div><\/div>\n\n\n\n<p><\/p>\n<\/div>\n\n\n\n<div class=\"wp-block-column is-layout-flow wp-block-column-is-layout-flow\" style=\"flex-basis:12%\">\n<div style=\"height:100px\" aria-hidden=\"true\" class=\"wp-block-spacer\"><\/div>\n<\/div>\n<\/div>\n<\/div><\/div>\n\n\n\n<p><\/p>\n\n\n\n<p>Ahora s\u00e9 que soy una mujer en constante proceso de transformaci\u00f3n, que soy luz que anhela libertad. A pesar de que este proceso de hacer silencio para escuchar a los susurros de mi alma, de mirar no s\u00f3lo la luz que habita en m\u00ed sino tambi\u00e9n la sombra y su sabidur\u00eda, a\u00fan contin\u00faa, estoy lista para empezar a utilizar mi voz, lista para hablarme y hablarte a trav\u00e9s de la escritura y compartir este proceso contigo.<\/p>\n\n\n\n<div class=\"wp-block-image\"><figure class=\"aligncenter size-medium is-resized\"><img loading=\"lazy\" decoding=\"async\" src=\"https:\/\/notasparaluna.com\/wp-content\/uploads\/2021\/07\/notasparaluna-300x134.png\" alt=\"notasparaluna.com\" class=\"wp-image-13\" width=\"225\" height=\"101\" srcset=\"https:\/\/notasparaluna.com\/wp-content\/uploads\/2021\/07\/notasparaluna-300x134.png 300w, https:\/\/notasparaluna.com\/wp-content\/uploads\/2021\/07\/notasparaluna-150x67.png 150w, https:\/\/notasparaluna.com\/wp-content\/uploads\/2021\/07\/notasparaluna.png 400w\" sizes=\"(max-width: 225px) 100vw, 225px\" \/><\/figure><\/div>\n\n\n\n<p class=\"has-text-align-center\"><strong>Te invito a que me acompa\u00f1es en esta aventura. \u00a1Gracias por estar aqu\u00ed!<\/strong><\/p>\n\n\n\n<div class=\"wp-block-buttons is-content-justification-center is-layout-flex wp-block-buttons-is-layout-flex\">\n<div class=\"wp-block-button\"><a class=\"wp-block-button__link\" href=\"https:\/\/notasparaluna.com\/blog\/\">Ir al blog<\/a><\/div>\n\n\n\n<div class=\"wp-block-button\"><a class=\"wp-block-button__link\" href=\"https:\/\/notasparaluna.com\/contacto\/\">Contactar<\/a><\/div>\n<\/div>\n\n\n\n<figure class=\"wp-block-image alignfull size-full sin-espacios\"><img loading=\"lazy\" decoding=\"async\" width=\"1122\" height=\"194\" src=\"https:\/\/notasparaluna.com\/wp-content\/uploads\/2021\/07\/nubes-azul.svg\" alt=\"\" class=\"wp-image-58\"\/><\/figure>\n","protected":false},"excerpt":{"rendered":"<p>\u00a1Hola! Soy Lourdes \u00a1Hola! Soy Lourdes y traigo al mundo a Notas para Luna con infinito amor. Un espacio que vengo so\u00f1ando y gestando por mucho tiempo.&nbsp; Tengo ascendencia china y andina. Mi familia por parte de pap\u00e1 me inculc\u00f3 el amor a la cultura china desde muy peque\u00f1a. Mis abuelas, tanto del lado materno [&hellip;]<\/p>\n","protected":false},"author":1,"featured_media":0,"parent":0,"menu_order":0,"comment_status":"closed","ping_status":"closed","template":"","meta":{"inline_featured_image":false,"site-sidebar-layout":"default","site-content-layout":"plain-container","ast-site-content-layout":"default","site-content-style":"default","site-sidebar-style":"default","ast-global-header-display":"","ast-banner-title-visibility":"","ast-main-header-display":"","ast-hfb-above-header-display":"","ast-hfb-below-header-display":"","ast-hfb-mobile-header-display":"","site-post-title":"disabled","ast-breadcrumbs-content":"","ast-featured-img":"","footer-sml-layout":"","ast-disable-related-posts":"","theme-transparent-header-meta":"default","adv-header-id-meta":"","stick-header-meta":"","header-above-stick-meta":"","header-main-stick-meta":"","header-below-stick-meta":"","astra-migrate-meta-layouts":"default","ast-page-background-enabled":"default","ast-page-background-meta":{"desktop":{"background-color":"","background-image":"","background-repeat":"repeat","background-position":"center center","background-size":"auto","background-attachment":"scroll","background-type":"","background-media":"","overlay-type":"","overlay-color":"","overlay-opacity":"","overlay-gradient":""},"tablet":{"background-color":"","background-image":"","background-repeat":"repeat","background-position":"center center","background-size":"auto","background-attachment":"scroll","background-type":"","background-media":"","overlay-type":"","overlay-color":"","overlay-opacity":"","overlay-gradient":""},"mobile":{"background-color":"","background-image":"","background-repeat":"repeat","background-position":"center center","background-size":"auto","background-attachment":"scroll","background-type":"","background-media":"","overlay-type":"","overlay-color":"","overlay-opacity":"","overlay-gradient":""}},"ast-content-background-meta":{"desktop":{"background-color":"var(--ast-global-color-5)","background-image":"","background-repeat":"repeat","background-position":"center center","background-size":"auto","background-attachment":"scroll","background-type":"","background-media":"","overlay-type":"","overlay-color":"","overlay-opacity":"","overlay-gradient":""},"tablet":{"background-color":"var(--ast-global-color-5)","background-image":"","background-repeat":"repeat","background-position":"center center","background-size":"auto","background-attachment":"scroll","background-type":"","background-media":"","overlay-type":"","overlay-color":"","overlay-opacity":"","overlay-gradient":""},"mobile":{"background-color":"var(--ast-global-color-5)","background-image":"","background-repeat":"repeat","background-position":"center center","background-size":"auto","background-attachment":"scroll","background-type":"","background-media":"","overlay-type":"","overlay-color":"","overlay-opacity":"","overlay-gradient":""}},"footnotes":""},"class_list":["post-17","page","type-page","status-publish","hentry"],"_links":{"self":[{"href":"https:\/\/notasparaluna.com\/es\/wp-json\/wp\/v2\/pages\/17","targetHints":{"allow":["GET"]}}],"collection":[{"href":"https:\/\/notasparaluna.com\/es\/wp-json\/wp\/v2\/pages"}],"about":[{"href":"https:\/\/notasparaluna.com\/es\/wp-json\/wp\/v2\/types\/page"}],"author":[{"embeddable":true,"href":"https:\/\/notasparaluna.com\/es\/wp-json\/wp\/v2\/users\/1"}],"replies":[{"embeddable":true,"href":"https:\/\/notasparaluna.com\/es\/wp-json\/wp\/v2\/comments?post=17"}],"version-history":[{"count":73,"href":"https:\/\/notasparaluna.com\/es\/wp-json\/wp\/v2\/pages\/17\/revisions"}],"predecessor-version":[{"id":464,"href":"https:\/\/notasparaluna.com\/es\/wp-json\/wp\/v2\/pages\/17\/revisions\/464"}],"wp:attachment":[{"href":"https:\/\/notasparaluna.com\/es\/wp-json\/wp\/v2\/media?parent=17"}],"curies":[{"name":"wp","href":"https:\/\/api.w.org\/{rel}","templated":true}]}}